{"id":3514,"date":"2025-05-12T17:01:56","date_gmt":"2025-05-12T17:01:56","guid":{"rendered":"https:\/\/cofradiadeldesarme.com\/?page_id=3514"},"modified":"2025-05-12T17:57:39","modified_gmt":"2025-05-12T17:57:39","slug":"hazte-cofrade","status":"publish","type":"page","link":"https:\/\/cofradiadeldesarme.com\/?page_id=3514","title":{"rendered":"Hazte Cofrade"},"content":{"rendered":"\t\t<div data-elementor-type=\"wp-post\" data-elementor-id=\"3514\" class=\"elementor elementor-3514\" data-elementor-post-type=\"page\">\n\t\t\t\t\t\t<section class=\"elementor-section elementor-top-section elementor-element elementor-element-f309ca7 elementor-section-boxed elementor-section-height-default elementor-section-height-default elementor-invisible\" data-id=\"f309ca7\" data-element_type=\"section\" data-e-type=\"section\" data-settings=\"{&quot;animation&quot;:&quot;fadeInUp&quot;}\">\n\t\t\t\t\t\t<div class=\"elementor-container elementor-column-gap-extended\">\n\t\t\t\t\t<div class=\"elementor-column elementor-col-100 elementor-top-column elementor-element elementor-element-64ebe0a sc_inner_width_none sc_content_align_inherit sc_layouts_column_icons_position_left\" data-id=\"64ebe0a\" data-element_type=\"column\" data-e-type=\"column\">\n\t\t\t<div class=\"elementor-widget-wrap elementor-element-populated\">\n\t\t\t\t\t\t<div class=\"elementor-element elementor-element-a6aeaa6 sc_fly_static elementor-widget elementor-widget-trx_sc_title\" data-id=\"a6aeaa6\" data-element_type=\"widget\" data-e-type=\"widget\" data-widget_type=\"trx_sc_title.default\">\n\t\t\t\t<div class=\"elementor-widget-container\">\n\t\t\t\t\t<div id=\"trx_sc_title_353851783\"\n\t\tclass=\"sc_title sc_title_accent -go \"><span class=\"sc_item_subtitle sc_title_subtitle sc_item_subtitle_above sc_item_title_style_accent\">La Fiesta de la Paz<\/span><h5 class=\"sc_item_title sc_title_title sc_item_title_style_accent sc_item_title_tag\"><span class=\"sc_item_title_text\">\u00danete a nuestra Cofrad\u00eda<\/span><\/h5><div class=\"sc_item_descr sc_title_descr\"><p>Some description text for this item<\/p>\n<\/div><\/div><!-- \/.sc_title -->\t\t\t\t<\/div>\n\t\t\t\t<\/div>\n\t\t\t\t<div class=\"elementor-element elementor-element-a4e1899 sc_height_medium elementor-widget elementor-widget-spacer\" data-id=\"a4e1899\" data-element_type=\"widget\" data-e-type=\"widget\" data-widget_type=\"spacer.default\">\n\t\t\t\t\t\t\t<div class=\"elementor-spacer\">\n\t\t\t<div class=\"elementor-spacer-inner\"><\/div>\n\t\t<\/div>\n\t\t\t\t\t\t<\/div>\n\t\t\t\t<div class=\"elementor-element elementor-element-27546e6 scheme_dark sc_fly_static elementor-widget elementor-widget-trx_sc_promo\" data-id=\"27546e6\" data-element_type=\"widget\" data-e-type=\"widget\" data-widget_type=\"trx_sc_promo.default\">\n\t\t\t\t<div class=\"elementor-widget-container\">\n\t\t\t\t\t<div  id=\"trx_sc_promo_1518949430\" \r\n\tclass=\"sc_promo scheme_dark sc_promo_default sc_promo_size_normal sc_promo_image_position_left\"><div class=\"sc_promo_image\" style=\"background-image:url(\/\/cofradiadeldesarme.com\/wp-content\/uploads\/2025\/05\/hazte-cofrade.jpg);width:50%;left: 0;\"><\/div><!-- \/.sc_promo_image --><div class=\"sc_promo_text\" style=\"width: 50%;float: right;\">\r\n\t\t\t<div class=\"sc_promo_text_inner trx_addons_inline_992995884\"><span class=\"sc_item_subtitle sc_promo_subtitle sc_item_subtitle_above sc_item_title_style_default\">\u00danete a nuestra Cofrad\u00eda<\/span><h5 class=\"sc_item_title sc_promo_title sc_item_title_style_default sc_item_title_tag\"><span class=\"sc_item_title_text\">Se parte de una tradici\u00f3n centenaria.<\/span><\/h5><div class=\"sc_item_descr sc_promo_descr\"><h6>HAZTE COFRADE<\/h6>\n<p>Ahora puedes formar parte activa en la conservaci\u00f3n, divulgaci\u00f3n y promoci\u00f3n de una de las mejores y m\u00e1s antiguas tradiciones gastron\u00f3micas existentes en Espa\u00f1a.<\/p>\n<h6>HAZTE EMBAJADOR<\/h6>\n<p>Nos gustar\u00eda que tu restaurante formase parte, como Embajador del Desarme, de la mayor Fiesta Gastron\u00f3mica que cada 19 de octubre se celebra en Oviedo.<\/p>\n<h6>HAZTE AMIGO<\/h6>\n<p>Colabora con nuestra cofrad\u00eda para preservar y divulgar una fiesta por todos los rincones del mundo. El Desarme es orgulloso patrimonio de todos los ovetenses.<\/p>\n<\/div><\/div>\r\n\t\t<\/div><!-- \/.sc_promo_text --><\/div><!-- \/.sc_promo -->\t\t\t\t<\/div>\n\t\t\t\t<\/div>\n\t\t\t\t\t<\/div>\n\t\t<\/div>\n\t\t\t\t\t<\/div>\n\t\t<\/section>\n\t\t\t\t<section class=\"elementor-section elementor-top-section elementor-element elementor-element-59a4ea7 elementor-section-boxed elementor-section-height-default elementor-section-height-default elementor-invisible\" data-id=\"59a4ea7\" data-element_type=\"section\" data-e-type=\"section\" data-settings=\"{&quot;animation&quot;:&quot;fadeIn&quot;}\">\n\t\t\t\t\t\t<div class=\"elementor-container elementor-column-gap-extended\">\n\t\t\t\t\t<div class=\"elementor-column elementor-col-100 elementor-top-column elementor-element elementor-element-a8116dc sc_inner_width_none sc_content_align_inherit sc_layouts_column_icons_position_left\" data-id=\"a8116dc\" data-element_type=\"column\" data-e-type=\"column\">\n\t\t\t<div class=\"elementor-widget-wrap elementor-element-populated\">\n\t\t\t\t\t\t<div class=\"elementor-element elementor-element-6507a80 sc_height_medium elementor-widget elementor-widget-spacer\" data-id=\"6507a80\" data-element_type=\"widget\" data-e-type=\"widget\" data-widget_type=\"spacer.default\">\n\t\t\t\t\t\t\t<div class=\"elementor-spacer\">\n\t\t\t<div class=\"elementor-spacer-inner\"><\/div>\n\t\t<\/div>\n\t\t\t\t\t\t<\/div>\n\t\t\t\t<div class=\"elementor-element elementor-element-9b7c3e8 sc_height_tiny elementor-widget elementor-widget-spacer\" data-id=\"9b7c3e8\" data-element_type=\"widget\" data-e-type=\"widget\" data-widget_type=\"spacer.default\">\n\t\t\t\t\t\t\t<div class=\"elementor-spacer\">\n\t\t\t<div class=\"elementor-spacer-inner\"><\/div>\n\t\t<\/div>\n\t\t\t\t\t\t<\/div>\n\t\t\t\t<div class=\"elementor-element elementor-element-9a3797d elementor-widget-divider--view-line elementor-widget elementor-widget-divider\" data-id=\"9a3797d\" data-element_type=\"widget\" data-e-type=\"widget\" data-widget_type=\"divider.default\">\n\t\t\t\t\t\t\t<div class=\"elementor-divider\">\n\t\t\t<span class=\"elementor-divider-separator\">\n\t\t\t\t\t\t<\/span>\n\t\t<\/div>\n\t\t\t\t\t\t<\/div>\n\t\t\t\t<div class=\"elementor-element elementor-element-36f5647 sc_height_medium elementor-widget elementor-widget-spacer\" data-id=\"36f5647\" data-element_type=\"widget\" data-e-type=\"widget\" data-widget_type=\"spacer.default\">\n\t\t\t\t\t\t\t<div class=\"elementor-spacer\">\n\t\t\t<div class=\"elementor-spacer-inner\"><\/div>\n\t\t<\/div>\n\t\t\t\t\t\t<\/div>\n\t\t\t\t<div class=\"elementor-element elementor-element-df187be sc_height_tiny elementor-widget elementor-widget-spacer\" data-id=\"df187be\" data-element_type=\"widget\" data-e-type=\"widget\" data-widget_type=\"spacer.default\">\n\t\t\t\t\t\t\t<div class=\"elementor-spacer\">\n\t\t\t<div class=\"elementor-spacer-inner\"><\/div>\n\t\t<\/div>\n\t\t\t\t\t\t<\/div>\n\t\t\t\t\t<\/div>\n\t\t<\/div>\n\t\t\t\t\t<\/div>\n\t\t<\/section>\n\t\t\t\t<section class=\"elementor-section elementor-top-section elementor-element elementor-element-10b5db34 elementor-section-boxed elementor-section-height-default elementor-section-height-default\" data-id=\"10b5db34\" data-element_type=\"section\" data-e-type=\"section\">\n\t\t\t\t\t\t<div class=\"elementor-container elementor-column-gap-extended\">\n\t\t\t\t\t<div class=\"elementor-column elementor-col-66 elementor-top-column elementor-element elementor-element-570a2625 sc_inner_width_none sc_content_align_inherit sc_layouts_column_icons_position_left elementor-invisible\" data-id=\"570a2625\" data-element_type=\"column\" data-e-type=\"column\" data-settings=\"{&quot;animation&quot;:&quot;fadeInLeft&quot;}\">\n\t\t\t<div class=\"elementor-widget-wrap elementor-element-populated\">\n\t\t\t\t\t\t<div class=\"elementor-element elementor-element-5e904568 sc_fly_static elementor-widget elementor-widget-trx_sc_title\" data-id=\"5e904568\" data-element_type=\"widget\" data-e-type=\"widget\" data-widget_type=\"trx_sc_title.default\">\n\t\t\t\t<div class=\"elementor-widget-container\">\n\t\t\t\t\t<div id=\"trx_sc_title_2051770695\"\n\t\tclass=\"sc_title sc_title_accent -go \"><span class=\"sc_item_subtitle sc_title_subtitle sc_item_subtitle_above sc_item_title_style_accent\">Nuevo Cofrade, Amigo o Embajador<\/span><h5 class=\"sc_item_title sc_title_title sc_item_title_style_accent sc_item_title_tag\"><span class=\"sc_item_title_text\">Rellena tu solicitud de registro<\/span><\/h5><div class=\"sc_item_descr sc_title_descr\"><p>Nos pondremos en contacto contigo.<\/p>\n<\/div><\/div><!-- \/.sc_title -->\t\t\t\t<\/div>\n\t\t\t\t<\/div>\n\t\t\t\t<div class=\"elementor-element elementor-element-b79c075 sc_fly_static elementor-widget elementor-widget-jet-engine-booking-form\" data-id=\"b79c075\" data-element_type=\"widget\" data-e-type=\"widget\" data-widget_type=\"jet-engine-booking-form.default\">\n\t\t\t\t<div class=\"elementor-widget-container\">\n\t\t\t\t\t<form  class=\"jet-form layout-column submit-type-reload\" action=\"\/index.php?rest_route=%2Fwp%2Fv2%2Fpages%2F3514&#038;jet_engine_action=book&#038;nocache=1776760952\" method=\"POST\" data-form-id=\"3506\"><input class=\"jet-form__field hidden-field\" type=\"hidden\" name=\"_jet_engine_booking_form_id\" value=\"3506\" data-field-name=\"_jet_engine_booking_form_id\"><input class=\"jet-form__field hidden-field\" type=\"hidden\" name=\"_jet_engine_refer\" value=\"https:\/\/cofradiadeldesarme.com\/?rest_route=%2Fwp%2Fv2%2Fpages%2F3514\" data-field-name=\"_jet_engine_refer\"><div  class=\"jet-form-row jet-form-row--hidden\"><div class=\"jet-form-col jet-form-col-12  field-type-hidden  jet-form-field-container\" data-field=\"post_id\" data-conditional=\"false\"><input class=\"jet-form__field hidden-field\" type=\"hidden\" name=\"post_id\" value=\"3514\" data-field-name=\"post_id\"><\/div><\/div><div  class=\"jet-form-row jet-form-row--first-visible\"><div class=\"jet-form-col jet-form-col-4  field-type-text  jet-form-field-container\" data-field=\"nombre_de_solicit\" data-conditional=\"false\"><div class=\"jet-form__label\">\n\t<span class=\"jet-form__label-text\" >Nombre<span class=\"jet-form__required\">*<\/span><\/span>\n\t<\/div><input class=\"jet-form__field text-field \" placeholder=\"Pon tu nombre aqu\u00ed\" value=\"\" required=\"required\" name=\"nombre_de_solicit\" id=\"nombre_de_solicit\" type=\"text\" data-field-name=\"nombre_de_solicit\"><\/div><div class=\"jet-form-col jet-form-col-8  field-type-text  jet-form-field-container\" data-field=\"apellido_de_solicitante\" data-conditional=\"false\"><div class=\"jet-form__label\">\n\t<span class=\"jet-form__label-text\" >Apellidos<span class=\"jet-form__required\">*<\/span><\/span>\n\t<\/div><input class=\"jet-form__field text-field \" placeholder=\"Pon tus apellidos aqu\u00ed\" value=\"\" required=\"required\" name=\"apellido_de_solicitante\" id=\"apellido_de_solicitante\" type=\"text\" data-field-name=\"apellido_de_solicitante\"><\/div><\/div><div  class=\"jet-form-row\"><div class=\"jet-form-col jet-form-col-8  field-type-text  jet-form-field-container\" data-field=\"direccion_de_solicitant\" data-conditional=\"false\"><div class=\"jet-form__label\">\n\t<span class=\"jet-form__label-text\" >Direcci\u00f3n<span class=\"jet-form__required\">*<\/span><\/span>\n\t<\/div><input class=\"jet-form__field text-field \" placeholder=\"Pon tu direcci\u00f3n aqu\u00ed\" value=\"\" required=\"required\" name=\"direccion_de_solicitant\" id=\"direccion_de_solicitant\" type=\"text\" data-field-name=\"direccion_de_solicitant\"><\/div><div class=\"jet-form-col jet-form-col-4  field-type-text  jet-form-field-container\" data-field=\"poblacion_de_solicit\" data-conditional=\"false\"><div class=\"jet-form__label\">\n\t<span class=\"jet-form__label-text\" >Poblaci\u00f3n<span class=\"jet-form__required\">*<\/span><\/span>\n\t<\/div><input class=\"jet-form__field text-field \" placeholder=\"Pon tu poblaci\u00f3n aqu\u00ed\" value=\"\" required=\"required\" name=\"poblacion_de_solicit\" id=\"poblacion_de_solicit\" type=\"text\" data-field-name=\"poblacion_de_solicit\"><\/div><\/div><div  class=\"jet-form-row\"><div class=\"jet-form-col jet-form-col-4  field-type-text  jet-form-field-container\" data-field=\"telefono_de_solicitante\" data-conditional=\"false\"><div class=\"jet-form__label\">\n\t<span class=\"jet-form__label-text\" >Tel\u00e9fono de contacto<span class=\"jet-form__required\">*<\/span><\/span>\n\t<\/div><input class=\"jet-form__field text-field \" placeholder=\"Pon tu tel\u00e9fono aqu\u00ed\" value=\"\" required=\"required\" name=\"telefono_de_solicitante\" id=\"telefono_de_solicitante\" type=\"text\" data-field-name=\"telefono_de_solicitante\"><\/div><div class=\"jet-form-col jet-form-col-8  field-type-text  jet-form-field-container\" data-field=\"email_de_solicit\" data-conditional=\"false\"><div class=\"jet-form__label\">\n\t<span class=\"jet-form__label-text\" >Email de contacto<span class=\"jet-form__required\">*<\/span><\/span>\n\t<\/div><input class=\"jet-form__field text-field \" placeholder=\"Pon tu email aqu\u00ed\" value=\"\" required=\"required\" name=\"email_de_solicit\" id=\"email_de_solicit\" type=\"email\" data-field-name=\"email_de_solicit\"><\/div><\/div><div  class=\"jet-form-row jet-form-row--submit\"><div class=\"jet-form-col jet-form-col-12  field-type-submit  jet-form-field-container\" data-field=\"Submit\" data-conditional=\"false\"><div class=\"jet-form__submit-wrap\">\n\t\t<button class=\"jet-form__submit submit-type-reload\" type=\"submit\">Enviar solicitud<\/button>\n<\/div><\/div><\/div><input class=\"jet-form__field hidden-field\" type=\"hidden\" name=\"_jet_engine_nonce\" value=\"df050b3cda\" data-field-name=\"_jet_engine_nonce\"><\/form>\t\t\t\t<\/div>\n\t\t\t\t<\/div>\n\t\t\t\t<div class=\"elementor-element elementor-element-7785d473 sc_height_medium elementor-widget elementor-widget-spacer\" data-id=\"7785d473\" data-element_type=\"widget\" data-e-type=\"widget\" data-widget_type=\"spacer.default\">\n\t\t\t\t\t\t\t<div class=\"elementor-spacer\">\n\t\t\t<div class=\"elementor-spacer-inner\"><\/div>\n\t\t<\/div>\n\t\t\t\t\t\t<\/div>\n\t\t\t\t\t<\/div>\n\t\t<\/div>\n\t\t\t\t<div class=\"elementor-column elementor-col-33 elementor-top-column elementor-element elementor-element-5188f809 sc_inner_width_none sc_content_align_inherit sc_layouts_column_icons_position_left elementor-invisible\" data-id=\"5188f809\" data-element_type=\"column\" data-e-type=\"column\" data-settings=\"{&quot;animation&quot;:&quot;fadeInRight&quot;}\">\n\t\t\t<div class=\"elementor-widget-wrap elementor-element-populated\">\n\t\t\t\t\t\t<div class=\"elementor-element elementor-element-3de718dc sc_fly_static elementor-widget elementor-widget-trx_sc_icons\" data-id=\"3de718dc\" data-element_type=\"widget\" data-e-type=\"widget\" data-widget_type=\"trx_sc_icons.default\">\n\t\t\t\t<div class=\"elementor-widget-container\">\n\t\t\t\t\t<div id=\"trx_sc_icons_1082104726\" \r\n\tclass=\"sc_icons sc_icons_default sc_icons_size_medium sc_align_none\"><div class=\"sc_icons_item\"><div class=\"sc_icons_item_details\"><h4 class=\"sc_icons_item_title\"><span>direcci\u00f3n<\/span><\/h4><div class=\"sc_icons_item_description\"><span>C\/ Monte Auseva, 8 \u00b7 33012 \u00b7 Oviedo<\/span><\/div><\/div><\/div><div class=\"sc_icons_item\"><div class=\"sc_icons_item_details\"><h4 class=\"sc_icons_item_title\"><span>E-mail<\/span><\/h4><div class=\"sc_icons_item_description\"><span><a href=\"mailto:hola@cofradiadeldesarme.com\">hola@cofradiadeldesarme.com<\/a><\/span><\/div><\/div><\/div><div class=\"sc_icons_item\"><div class=\"sc_icons_item_details\"><h4 class=\"sc_icons_item_title\"><span>Tel\u00e9fono<\/span><\/h4><div class=\"sc_icons_item_description\"><span><a href=\"tel:+34984686720\">984.686.720<\/a><\/span><span><\/span><\/div><\/div><\/div><\/div><!-- \/.sc_icons -->\t\t\t\t<\/div>\n\t\t\t\t<\/div>\n\t\t\t\t\t<\/div>\n\t\t<\/div>\n\t\t\t\t\t<\/div>\n\t\t<\/section>\n\t\t\t\t<\/div>\n\t\t","protected":false},"excerpt":{"rendered":"<p>La Fiesta de la Paz \u00danete a nuestra Cofrad\u00eda Some description text for this item \u00danete a nuestra Cofrad\u00eda Se parte de una tradici\u00f3n centenaria. HAZTE COFRADE Ahora puedes formar parte activa en la conservaci\u00f3n, divulgaci\u00f3n y promoci\u00f3n&hellip;<\/p>\n","protected":false},"author":1,"featured_media":0,"parent":0,"menu_order":0,"comment_status":"closed","ping_status":"closed","template":"","meta":{"_acf_changed":false,"footnotes":""},"class_list":["post-3514","page","type-page","status-publish","hentry"],"aioseo_notices":[],"acf":[],"_links":{"self":[{"href":"https:\/\/cofradiadeldesarme.com\/index.php?rest_route=\/wp\/v2\/pages\/3514","targetHints":{"allow":["GET"]}}],"collection":[{"href":"https:\/\/cofradiadeldesarme.com\/index.php?rest_route=\/wp\/v2\/pages"}],"about":[{"href":"https:\/\/cofradiadeldesarme.com\/index.php?rest_route=\/wp\/v2\/types\/page"}],"author":[{"embeddable":true,"href":"https:\/\/cofradiadeldesarme.com\/index.php?rest_route=\/wp\/v2\/users\/1"}],"replies":[{"embeddable":true,"href":"https:\/\/cofradiadeldesarme.com\/index.php?rest_route=%2Fwp%2Fv2%2Fcomments&post=3514"}],"version-history":[{"count":52,"href":"https:\/\/cofradiadeldesarme.com\/index.php?rest_route=\/wp\/v2\/pages\/3514\/revisions"}],"predecessor-version":[{"id":3572,"href":"https:\/\/cofradiadeldesarme.com\/index.php?rest_route=\/wp\/v2\/pages\/3514\/revisions\/3572"}],"wp:attachment":[{"href":"https:\/\/cofradiadeldesarme.com\/index.php?rest_route=%2Fwp%2Fv2%2Fmedia&parent=3514"}],"curies":[{"name":"wp","href":"https:\/\/api.w.org\/{rel}","templated":true}]}}